{"id":1836,"date":"2016-01-30T02:35:45","date_gmt":"2016-01-30T02:35:45","guid":{"rendered":"http:\/\/filmmaker.beautheme.com\/?page_id=1836"},"modified":"2026-02-17T01:48:14","modified_gmt":"2026-02-17T00:48:14","slug":"about","status":"publish","type":"page","link":"https:\/\/boxafilm.com\/index.php\/about\/","title":{"rendered":"About"},"content":{"rendered":"<p>[vc_row full_width=&#8220;stretch_row_content_no_spaces_content&#8220; css=&#8220;.vc_custom_1454122865220{padding-top: 100px !important;}&#8220;][vc_column][film_discover style_discover=&#8220;1&#8243; image=&#8220;3673&#8243; link_to_discover=&#8220;&#8220; title_section=&#8220;ABOUT&#8220; short_description=&#8220;BOXA FILM ist eine unabh\u00e4ngige Filmproduktion mit Sitz in Linz. Im Zentrum unserer Arbeit steht das Erz\u00e4hlen. Unter BOXA FILM CINEMA entstehen Arthouse-Dokumentarfilme f\u00fcr das Kino. Mit BOXA FILM BRANDED STORIES entwickeln wir filmische Konzepte f\u00fcr Marken, Organisationen und Kampagnen \u2013 von der strategischen Idee bis zur Umsetzung. Beides erg\u00e4nzt sich. Die k\u00fcnstlerische Auseinandersetzung sch\u00e4rft den Blick f\u00fcr Authentizit\u00e4t und erm\u00f6glicht gegebenenfalls Abstraktion. Die Arbeit f\u00fcr Unternehmen lehrt uns immer wieder Klarheit, Struktur und Zielorientierung.&#8220; color_small_title=&#8220;#fcfcfc&#8220; color_title_section=&#8220;#fcfcfc&#8220; color_short_description=&#8220;#fcfcfc&#8220;]<span style=\"color: #ffffff;\">Gegr\u00fcndet wurde BOXA FILM von Anatol Bogendorfer, der aus einer langj\u00e4hrigen internationalen Musikerpraxis kommt. Die dort gelebte Eigenst\u00e4ndigkeit und kollaborative Arbeitsweise pr\u00e4gen das Selbstverst\u00e4ndnis der Produktion bis heute.<\/span><\/p>\n<p><span style=\"color: #ffffff;\">Wir sind ein eingespieltes Team, arbeiten mit einem Netzwerk aus Kreativen und Techniker*innen und legen Wert auf Verl\u00e4sslichkeit, Fairness und nachhaltige Produktionsweisen. Mit Tabea Cray haben wir nicht nur eine gesch\u00e4tzte Producerin, sondern auch eine von der LAFC zertifizierte Green Filming-Konsulentin im hauseigenen Team.<\/span>[\/film_discover][\/vc_column][vc_column][\/vc_column][\/vc_row][vc_row][vc_column][\/vc_column][\/vc_row]<\/p>\n","protected":false},"excerpt":{"rendered":"<p>[vc_row full_width=&#8220;stretch_row_content_no_spaces_content&#8220; css=&#8220;.vc_custom_1454122865220{padding-top: 100px !important;}&#8220;][vc_column][film_discover style_discover=&#8220;1&#8243; image=&#8220;3673&#8243; link_to_discover=&#8220;&#8220; title_section=&#8220;ABOUT&#8220; short_description=&#8220;BOXA FILM ist eine unabh\u00e4ngige Filmproduktion mit Sitz in Linz. Im Zentrum unserer Arbeit steht das Erz\u00e4hlen. Unter BOXA FILM CINEMA entstehen Arthouse-Dokumentarfilme f\u00fcr das Kino. Mit BOXA FILM BRANDED STORIES entwickeln wir filmische Konzepte f\u00fcr Marken, Organisationen und Kampagnen \u2013 von der strategischen Idee bis [&hellip;]<\/p>\n","protected":false},"author":1,"featured_media":0,"parent":0,"menu_order":0,"comment_status":"closed","ping_status":"closed","template":"template-nonesidebar.php","meta":[],"aioseo_notices":[],"_links":{"self":[{"href":"https:\/\/boxafilm.com\/index.php\/wp-json\/wp\/v2\/pages\/1836"}],"collection":[{"href":"https:\/\/boxafilm.com\/index.php\/wp-json\/wp\/v2\/pages"}],"about":[{"href":"https:\/\/boxafilm.com\/index.php\/wp-json\/wp\/v2\/types\/page"}],"author":[{"embeddable":true,"href":"https:\/\/boxafilm.com\/index.php\/wp-json\/wp\/v2\/users\/1"}],"replies":[{"embeddable":true,"href":"https:\/\/boxafilm.com\/index.php\/wp-json\/wp\/v2\/comments?post=1836"}],"version-history":[{"count":14,"href":"https:\/\/boxafilm.com\/index.php\/wp-json\/wp\/v2\/pages\/1836\/revisions"}],"predecessor-version":[{"id":4939,"href":"https:\/\/boxafilm.com\/index.php\/wp-json\/wp\/v2\/pages\/1836\/revisions\/4939"}],"wp:attachment":[{"href":"https:\/\/boxafilm.com\/index.php\/wp-json\/wp\/v2\/media?parent=1836"}],"curies":[{"name":"wp","href":"https:\/\/api.w.org\/{rel}","templated":true}]}}