{"id":592,"date":"2015-12-14T07:28:27","date_gmt":"2015-12-14T06:28:27","guid":{"rendered":"http:\/\/filmmaker.beautheme.com\/?page_id=592"},"modified":"2026-03-26T21:52:21","modified_gmt":"2026-03-26T20:52:21","slug":"home2","status":"publish","type":"page","link":"https:\/\/boxafilm.com\/","title":{"rendered":"BOXA  FILM"},"content":{"rendered":"<p>[vc_row full_width=&#8220;stretch_row_content_no_spaces_content&#8220; css=&#8220;.vc_custom_1454315682292{margin-top: 150px !important;}&#8220;][vc_column][film_discover style_discover=&#8220;1&#8243; title_section=&#8220;CINEMA &#038; BRANDED STORIES&#8220; short_description=&#8220;BOXA FILM steht f\u00fcr N\u00e4he. Wir suchen die direkte Auseinandersetzung mit Wirklichkeit \u2013 nicht aus der Distanz, sondern auf Augenh\u00f6he.&#8220; small_title=&#8220;BOXA FILM&#8220; color_title_section=&#8220;#fcfcfc&#8220; color_small_title=&#8220;#fcfcfc&#8220; color_short_description=&#8220;#fcfcfc&#8220; color_linkto=&#8220;#fcfcfc&#8220; bg_linkto=&#8220;#fcfcfc&#8220;]<span style=\"color: #ffffff;\">Wir glauben an Geschichten, die etwas riskieren.<\/span><br \/>\n<span style=\"color: #ffffff;\">An Bilder, die nicht nur dokumentieren, sondern Haltung zeigen.<\/span><br \/>\n<span style=\"color: #ffffff;\">An Dramaturgie, die ber\u00fchrt, ohne zu manipulieren.<\/span><br \/>\n<span style=\"color: #ffffff;\">Unter BOXA FILM CINEMA produzieren wir Arthouse-Dokumentarfilme f\u00fcr das Kino: Filme, die gesellschaftliche Fragen ernst nehmen und dennoch zug\u00e4nglich bleiben. <\/span><br \/>\n<span style=\"color: #ffffff;\">Mit BOXA FILM BRANDED STORIES entwickeln wir narrative Konzepte f\u00fcr Unternehmen und Institutionen. Wir \u00fcbersetzen ihre Inhalte in filmische Form Pr\u00e4zise, dramaturgisch durchdacht und mit k\u00fcnstlerischem Anspruch.<\/span>[\/film_discover][\/vc_column][\/vc_row][vc_row css=&#8220;.vc_custom_1450089984523{margin-top: 150px !important;}&#8220;][vc_column][vc_row_inner][vc_column_inner][vc_separator color=&#8220;white&#8220; border_width=&#8220;4&#8243;][\/vc_column_inner][\/vc_row_inner][vc_row_inner][vc_column_inner][vc_zigzag][\/vc_column_inner][\/vc_row_inner][\/vc_column][\/vc_row][vc_row full_width=&#8220;stretch_row_content_no_spaces&#8220;][vc_column][film_video film_style=&#8220;1&#8243; film_list_checkbox_link=&#8220;yes&#8220; view_more_url=&#8220;http:\/\/boxafilm.com\/index.php\/film2\/&#8220; film_perpage=&#8220;4&#8243; film_list_id=&#8220;4306, 4282, 4295, 4510, 4485, 4590, 4621, 4681, 4651, 4731, 4802, 4771, 4852, 4785, 4916, 4854, 4943&#8243; view_more_text=&#8220;ALL FILM&#8220; color_small_title=&#8220;#fcfcfc&#8220; color_big_title=&#8220;#fcfcfc&#8220; color_category_film=&#8220;#fcfcfc&#8220; color_name_film=&#8220;#fcfcfc&#8220; color_description_film=&#8220;#fcfcfc&#8220; hover_color_viewmore=&#8220;#fcfcfc&#8220; color_link_film=&#8220;#f7f7f7&#8243; color_border_link_film=&#8220;#fcfcfc&#8220; hover_background_link_film=&#8220;#fcfcfc&#8220;][\/vc_column][\/vc_row][vc_row css=&#8220;.vc_custom_1456976010014{margin-top: 150px !important;margin-bottom: 240px !important;}&#8220;][vc_column][vc_column_text el_class=&#8220;vc_text_block&#8220;]<span style=\"color: #ffffff;\">Der Herausforderung des Geschichtenerz\u00e4hlens und seiner Transformation ins Filmische<\/span><br \/>\n<span style=\"color: #ffffff;\">begegnen wir grunds\u00e4tzlich mit dem Anspruch,\u00a0den richtigen Weg zu w\u00e4hlen.<\/span><br \/>\n<span style=\"color: #ffffff;\">Wenn wir uns an Konventionen halten, tun wir das<\/span><br \/>\n<span style=\"color: #ffffff;\">bewusst, reflektiert und, ja, unkonventionell.<\/span>[\/vc_column_text][\/vc_column][\/vc_row][vc_row][vc_column][\/vc_column][\/vc_row][vc_row][vc_column][film_textblock][\/vc_column][\/vc_row][vc_row][vc_column][film_textblock text_small=&#8220;PHOTO&#8220; text_big=&#8220;Gallery&#8220; distance_number=&#8220;-45px&#8220; color_text_small=&#8220;#fcfcfc&#8220; color_text_big=&#8220;#fcfcfc&#8220;][film_gallery title_section=&#8220;&#8220; small_title=&#8220;&#8220; link_to=&#8220;http:\/\/boxafilm.com\/index.php\/sample-page\/gallery&#8220; style_gallery=&#8220;1&#8243; image1=&#8220;2229&#8243; image2=&#8220;2230&#8243; image3=&#8220;2231&#8243; image4=&#8220;2228&#8243; image5=&#8220;2232&#8243; image6=&#8220;2227&#8243; image7=&#8220;1490&#8243; gallery_list_id=&#8220;4541, 4794, 4868, 4796, 4629, 4662, 4604, 4808, 4859&#8243;][\/vc_column][\/vc_row][vc_row][vc_column][vc_empty_space height=&#8220;120px&#8220;][\/vc_column][\/vc_row][vc_row full_width=&#8220;stretch_row_content&#8220; css=&#8220;.vc_custom_1452824608302{margin-bottom: 50px !important;}&#8220;][vc_column][vc_empty_space height=&#8220;120px&#8220;][film_discover style_discover=&#8220;2&#8243; image=&#8220;4557&#8243; check_box_discover=&#8220;yes&#8220; link_to_discover=&#8220;http:\/\/boxafilm.com\/index.php\/about\/&#8220; margin_title=&#8220;-24px&#8220; title_section=&#8220;About&#8220; color_small_title=&#8220;#fcfcfc&#8220; color_title_section=&#8220;#fcfcfc&#8220;]<\/p>\n<p class=\"p1\"><span style=\"color: #ffffff;\">BOXA FILM ist eine unabh\u00e4ngige Filmproduktion mit Sitz in Linz. Im Zentrum unserer Arbeit steht das Erz\u00e4hlen:<\/span><\/p>\n<p class=\"p1\"><span style=\"color: #ffffff;\">Unter <b>BOXA FILM CINEMA<\/b> entstehen Arthouse-Dokumentarfilme f\u00fcr das Kino.<\/span><br \/>\n<span style=\"color: #000000;\"><span style=\"color: #ffffff;\">Mit <b>BOXA FILM BRANDED STORIES<\/b> entwickeln wir filmische Konzepte f\u00fcr Marken, Organisationen und Kampagnen \u2013 von der strategischen Idee bis zur Umsetzung.<\/span><!--more--><\/span>[\/film_discover][\/vc_column][\/vc_row][vc_row full_width=&#8220;stretch_row_content_no_spaces&#8220;][vc_column][vc_empty_space height=&#8220;50px&#8220;][\/vc_column][\/vc_row][vc_row full_width=&#8220;stretch_row_content_no_spaces&#8220; css=&#8220;.vc_custom_1452587674746{margin-bottom: 220px !important;}&#8220;][vc_column][\/vc_column][\/vc_row][vc_row][vc_column width=&#8220;1\/3&#8243;][\/vc_column][vc_column width=&#8220;1\/3&#8243;][film_discover style_discover=&#8220;1&#8243; image=&#8220;4881&#8243; title_section=&#8220;Kontakt&#8220; short_description=&#8220;Wir teilen den Kuchen. Gerne.&#8220; color_title_section=&#8220;#fcfcfc&#8220; color_short_description=&#8220;#fcfcfc&#8220;]<\/p>\n<p class=\"western\"><span style=\"color: #ffffff;\">BOXA FILM, Volksfeststr. 24, A-4020 Linz, ph: +43-650 666 32 32, mail: office@boxafilm.com, UID: ATU71707067<\/span><br \/>\n<span style=\"color: #ffffff;\">Firmenbuchnummer: FN 553644 h<\/span><\/p>\n<p>&nbsp;[\/film_discover][\/vc_column][vc_column width=&#8220;1\/3&#8243;][\/vc_column][\/vc_row]<\/p>\n","protected":false},"excerpt":{"rendered":"<p>[vc_row full_width=&#8220;stretch_row_content_no_spaces_content&#8220; css=&#8220;.vc_custom_1454315682292{margin-top: 150px !important;}&#8220;][vc_column][film_discover style_discover=&#8220;1&#8243; title_section=&#8220;CINEMA &#038; BRANDED STORIES&#8220; short_description=&#8220;BOXA FILM steht f\u00fcr N\u00e4he. Wir suchen die direkte Auseinandersetzung mit Wirklichkeit \u2013 nicht aus der Distanz, sondern auf Augenh\u00f6he.&#8220; small_title=&#8220;BOXA FILM&#8220; color_title_section=&#8220;#fcfcfc&#8220; color_small_title=&#8220;#fcfcfc&#8220; color_short_description=&#8220;#fcfcfc&#8220; color_linkto=&#8220;#fcfcfc&#8220; bg_linkto=&#8220;#fcfcfc&#8220;]Wir glauben an Geschichten, die etwas riskieren. An Bilder, die nicht nur dokumentieren, sondern Haltung zeigen. An Dramaturgie, die [&hellip;]<\/p>\n","protected":false},"author":1,"featured_media":0,"parent":0,"menu_order":0,"comment_status":"closed","ping_status":"closed","template":"page-default.php","meta":[],"aioseo_notices":[],"_links":{"self":[{"href":"https:\/\/boxafilm.com\/index.php\/wp-json\/wp\/v2\/pages\/592"}],"collection":[{"href":"https:\/\/boxafilm.com\/index.php\/wp-json\/wp\/v2\/pages"}],"about":[{"href":"https:\/\/boxafilm.com\/index.php\/wp-json\/wp\/v2\/types\/page"}],"author":[{"embeddable":true,"href":"https:\/\/boxafilm.com\/index.php\/wp-json\/wp\/v2\/users\/1"}],"replies":[{"embeddable":true,"href":"https:\/\/boxafilm.com\/index.php\/wp-json\/wp\/v2\/comments?post=592"}],"version-history":[{"count":66,"href":"https:\/\/boxafilm.com\/index.php\/wp-json\/wp\/v2\/pages\/592\/revisions"}],"predecessor-version":[{"id":4956,"href":"https:\/\/boxafilm.com\/index.php\/wp-json\/wp\/v2\/pages\/592\/revisions\/4956"}],"wp:attachment":[{"href":"https:\/\/boxafilm.com\/index.php\/wp-json\/wp\/v2\/media?parent=592"}],"curies":[{"name":"wp","href":"https:\/\/api.w.org\/{rel}","templated":true}]}}